{"id":3668,"date":"2024-12-27T16:25:12","date_gmt":"2024-12-27T15:25:12","guid":{"rendered":"https:\/\/www.chaletmarine.com\/?page_id=3668"},"modified":"2025-02-12T11:00:10","modified_gmt":"2025-02-12T10:00:10","slug":"yurt-evenings-val-thorens","status":"publish","type":"page","link":"https:\/\/www.chaletmarine.com\/en\/soirees\/soirees-yourte-val-thorens\/","title":{"rendered":"Evenings in a Yurt"},"content":{"rendered":"\t\t<div data-elementor-type=\"wp-page\" data-elementor-id=\"3668\" class=\"elementor elementor-3668\" data-elementor-post-type=\"page\">\n\t\t\t\t\t\t<section class=\"elementor-section elementor-top-section elementor-element elementor-element-8a1dd08 elementor-section-full_width elementor-section-height-min-height elementor-section-height-default elementor-section-items-middle\" data-id=\"8a1dd08\" data-element_type=\"section\" data-e-type=\"section\" data-settings=\"{&quot;background_background&quot;:&quot;classic&quot;}\">\n\t\t\t\t\t\t\t<div class=\"elementor-background-overlay\"><\/div>\n\t\t\t\t\t\t\t<div class=\"elementor-container elementor-column-gap-default\">\n\t\t\t\t\t<div class=\"elementor-column elementor-col-100 elementor-top-column elementor-element elementor-element-c1b6dab\" data-id=\"c1b6dab\" data-element_type=\"column\" data-e-type=\"column\">\n\t\t\t<div class=\"elementor-widget-wrap elementor-element-populated\">\n\t\t\t\t\t\t<div class=\"elementor-element elementor-element-792fac1 animated-slow elementor-widget elementor-widget-text-editor\" data-id=\"792fac1\" data-element_type=\"widget\" data-e-type=\"widget\" data-settings=\"{&quot;_animation&quot;:&quot;none&quot;}\" data-widget_type=\"text-editor.default\">\n\t\t\t\t<div class=\"elementor-widget-container\">\n\t\t\t\t\t\t\t\t\t<p>Les Soir\u00e9es<\/p>\t\t\t\t\t\t\t\t<\/div>\n\t\t\t\t<\/div>\n\t\t\t\t<div class=\"elementor-element elementor-element-0fd0b83 animated-slow elementor-widget elementor-widget-heading\" data-id=\"0fd0b83\" data-element_type=\"widget\" data-e-type=\"widget\" data-settings=\"{&quot;_animation&quot;:&quot;none&quot;}\" data-widget_type=\"heading.default\">\n\t\t\t\t<div class=\"elementor-widget-container\">\n\t\t\t\t\t<h1 class=\"elementor-heading-title elementor-size-default\">en yourte \u00c0 VAL THORENS<\/h1>\t\t\t\t<\/div>\n\t\t\t\t<\/div>\n\t\t\t\t\t<\/div>\n\t\t<\/div>\n\t\t\t\t\t<\/div>\n\t\t<\/section>\n\t\t\t\t<section class=\"elementor-section elementor-top-section elementor-element elementor-element-2dbd866 elementor-section-full_width elementor-section-height-default elementor-section-height-default\" data-id=\"2dbd866\" data-element_type=\"section\" data-e-type=\"section\" data-settings=\"{&quot;background_background&quot;:&quot;classic&quot;}\">\n\t\t\t\t\t\t<div class=\"elementor-container elementor-column-gap-default\">\n\t\t\t\t\t<div class=\"elementor-column elementor-col-50 elementor-top-column elementor-element elementor-element-ae5ebaa elementor-invisible\" data-id=\"ae5ebaa\" data-element_type=\"column\" data-e-type=\"column\" data-settings=\"{&quot;animation&quot;:&quot;fadeInUp&quot;,&quot;background_background&quot;:&quot;classic&quot;,&quot;background_motion_fx_motion_fx_scrolling&quot;:&quot;yes&quot;,&quot;background_motion_fx_translateY_effect&quot;:&quot;yes&quot;,&quot;background_motion_fx_translateY_direction&quot;:&quot;negative&quot;,&quot;background_motion_fx_translateY_speed&quot;:{&quot;unit&quot;:&quot;px&quot;,&quot;size&quot;:4,&quot;sizes&quot;:[]},&quot;background_motion_fx_translateY_affectedRange&quot;:{&quot;unit&quot;:&quot;%&quot;,&quot;size&quot;:&quot;&quot;,&quot;sizes&quot;:{&quot;start&quot;:0,&quot;end&quot;:100}},&quot;background_motion_fx_devices&quot;:[&quot;desktop&quot;,&quot;tablet&quot;,&quot;mobile&quot;]}\">\n\t\t\t<div class=\"elementor-widget-wrap elementor-element-populated\">\n\t\t\t\t\t\t<div class=\"elementor-element elementor-element-4901fbe elementor-widget elementor-widget-heading\" data-id=\"4901fbe\" data-element_type=\"widget\" data-e-type=\"widget\" data-settings=\"{&quot;_animation&quot;:&quot;none&quot;}\" data-widget_type=\"heading.default\">\n\t\t\t\t<div class=\"elementor-widget-container\">\n\t\t\t\t\t<p class=\"elementor-heading-title elementor-size-default\">Vivez une soir\u00e9e<\/p>\t\t\t\t<\/div>\n\t\t\t\t<\/div>\n\t\t\t\t<div class=\"elementor-element elementor-element-a1e7388 elementor-widget elementor-widget-heading\" data-id=\"a1e7388\" data-element_type=\"widget\" data-e-type=\"widget\" data-settings=\"{&quot;_animation&quot;:&quot;none&quot;}\" data-widget_type=\"heading.default\">\n\t\t\t\t<div class=\"elementor-widget-container\">\n\t\t\t\t\t<h2 class=\"elementor-heading-title elementor-size-default\">hors du temps<\/h2>\t\t\t\t<\/div>\n\t\t\t\t<\/div>\n\t\t\t\t<div class=\"elementor-element elementor-element-f38194b elementor-widget elementor-widget-text-editor\" data-id=\"f38194b\" data-element_type=\"widget\" data-e-type=\"widget\" data-settings=\"{&quot;_animation&quot;:&quot;none&quot;}\" data-widget_type=\"text-editor.default\">\n\t\t\t\t<div class=\"elementor-widget-container\">\n\t\t\t\t\t\t\t\t\t<p>Plongez dans une exp\u00e9rience unique et inoubliable au c\u0153ur des montagnes. Nos soir\u00e9es priv\u00e9es en yourte, nich\u00e9es \u00e0 2 500 m\u00e8tres d&rsquo;altitude, vous offrent un moment hors du temps, dans une ambiance chaleureuse et authentique.<\/p><p>D\u00e8s votre arriv\u00e9e, laissez-vous transporter par l\u2019atmosph\u00e8re f\u00e9\u00e9rique de notre yourte mongole, \u00e9clair\u00e9e \u00e0 la lueur des flammes et chauff\u00e9e par un po\u00eale \u00e0 bois. Que ce soit en famille, entre amis ou pour une occasion sp\u00e9ciale, partagez un repas g\u00e9n\u00e9reux et raffin\u00e9 dans ce cadre unique o\u00f9 r\u00e8gnent convivialit\u00e9 et d\u00e9paysement.<\/p>\t\t\t\t\t\t\t\t<\/div>\n\t\t\t\t<\/div>\n\t\t\t\t<div class=\"elementor-element elementor-element-9f627d7 elementor-align-center elementor-widget elementor-widget-button\" data-id=\"9f627d7\" data-element_type=\"widget\" data-e-type=\"widget\" data-widget_type=\"button.default\">\n\t\t\t\t<div class=\"elementor-widget-container\">\n\t\t\t\t\t\t\t\t\t<div class=\"elementor-button-wrapper\">\n\t\t\t\t\t<a class=\"elementor-button elementor-button-link elementor-size-sm\" href=\"https:\/\/www.chaletmarine.com\/wp-content\/uploads\/2024\/12\/Location-yourte-Soirees-Marine.pdf\">\n\t\t\t\t\t\t<span class=\"elementor-button-content-wrapper\">\n\t\t\t\t\t\t\t\t\t<span class=\"elementor-button-text\">D\u00e9couvrez le menu<\/span>\n\t\t\t\t\t<\/span>\n\t\t\t\t\t<\/a>\n\t\t\t\t<\/div>\n\t\t\t\t\t\t\t\t<\/div>\n\t\t\t\t<\/div>\n\t\t\t\t\t<\/div>\n\t\t<\/div>\n\t\t\t\t<div class=\"elementor-column elementor-col-50 elementor-top-column elementor-element elementor-element-ad6ebc4\" data-id=\"ad6ebc4\" data-element_type=\"column\" data-e-type=\"column\" data-settings=\"{&quot;background_background&quot;:&quot;classic&quot;}\">\n\t\t\t<div class=\"elementor-widget-wrap elementor-element-populated\">\n\t\t\t\t\t\t<section class=\"elementor-section elementor-inner-section elementor-element elementor-element-437f595 elementor-section-full_width elementor-section-height-min-height elementor-section-height-default\" data-id=\"437f595\" data-element_type=\"section\" data-e-type=\"section\" data-settings=\"{&quot;background_background&quot;:&quot;slideshow&quot;,&quot;background_slideshow_slide_duration&quot;:2000,&quot;background_slideshow_gallery&quot;:[{&quot;id&quot;:3672,&quot;url&quot;:&quot;https:\\\/\\\/www.chaletmarine.com\\\/wp-content\\\/uploads\\\/2024\\\/12\\\/DSC_1358-scaled.jpg&quot;},{&quot;id&quot;:3673,&quot;url&quot;:&quot;https:\\\/\\\/www.chaletmarine.com\\\/wp-content\\\/uploads\\\/2024\\\/12\\\/DSC_1384-Avec-accentuation-Bruit-scaled.jpg&quot;},{&quot;id&quot;:3670,&quot;url&quot;:&quot;https:\\\/\\\/www.chaletmarine.com\\\/wp-content\\\/uploads\\\/2024\\\/12\\\/DSC_1317-scaled.jpg&quot;},{&quot;id&quot;:3671,&quot;url&quot;:&quot;https:\\\/\\\/www.chaletmarine.com\\\/wp-content\\\/uploads\\\/2024\\\/12\\\/DSC_1329-scaled.jpg&quot;},{&quot;id&quot;:3669,&quot;url&quot;:&quot;https:\\\/\\\/www.chaletmarine.com\\\/wp-content\\\/uploads\\\/2024\\\/12\\\/DSC_1310-scaled.jpg&quot;},{&quot;id&quot;:3707,&quot;url&quot;:&quot;https:\\\/\\\/www.chaletmarine.com\\\/wp-content\\\/uploads\\\/2024\\\/12\\\/DSC_1409-Avec-accentuation-Bruit-1-scaled.jpg&quot;}],&quot;background_slideshow_loop&quot;:&quot;yes&quot;,&quot;background_slideshow_slide_transition&quot;:&quot;fade&quot;,&quot;background_slideshow_transition_duration&quot;:500}\">\n\t\t\t\t\t\t<div class=\"elementor-container elementor-column-gap-no\">\n\t\t\t\t\t<div class=\"elementor-column elementor-col-100 elementor-inner-column elementor-element elementor-element-b495e58\" data-id=\"b495e58\" data-element_type=\"column\" data-e-type=\"column\" data-settings=\"{&quot;background_background&quot;:&quot;classic&quot;}\">\n\t\t\t<div class=\"elementor-widget-wrap\">\n\t\t\t\t\t\t\t<\/div>\n\t\t<\/div>\n\t\t\t\t\t<\/div>\n\t\t<\/section>\n\t\t\t\t\t<\/div>\n\t\t<\/div>\n\t\t\t\t\t<\/div>\n\t\t<\/section>\n\t\t\t\t<section class=\"elementor-section elementor-top-section elementor-element elementor-element-7f0284d elementor-section-full_width elementor-section-height-default elementor-section-height-default\" data-id=\"7f0284d\" data-element_type=\"section\" data-e-type=\"section\" data-settings=\"{&quot;background_background&quot;:&quot;classic&quot;}\">\n\t\t\t\t\t\t<div class=\"elementor-container elementor-column-gap-default\">\n\t\t\t\t\t<div class=\"elementor-column elementor-col-50 elementor-top-column elementor-element elementor-element-885adf3\" data-id=\"885adf3\" data-element_type=\"column\" data-e-type=\"column\" data-settings=\"{&quot;background_background&quot;:&quot;classic&quot;}\">\n\t\t\t<div class=\"elementor-widget-wrap elementor-element-populated\">\n\t\t\t\t\t\t<section class=\"elementor-section elementor-inner-section elementor-element elementor-element-503ede3 elementor-section-full_width elementor-section-height-min-height elementor-section-height-default\" data-id=\"503ede3\" data-element_type=\"section\" data-e-type=\"section\" data-settings=\"{&quot;background_background&quot;:&quot;slideshow&quot;,&quot;background_slideshow_slide_duration&quot;:2000,&quot;background_slideshow_gallery&quot;:[{&quot;id&quot;:2725,&quot;url&quot;:&quot;https:\\\/\\\/www.chaletmarine.com\\\/wp-content\\\/uploads\\\/2021\\\/12\\\/3_DSC9560-scaled.jpg&quot;},{&quot;id&quot;:3681,&quot;url&quot;:&quot;https:\\\/\\\/www.chaletmarine.com\\\/wp-content\\\/uploads\\\/2024\\\/12\\\/DSC01155-scaled.jpg&quot;},{&quot;id&quot;:3752,&quot;url&quot;:&quot;https:\\\/\\\/www.chaletmarine.com\\\/wp-content\\\/uploads\\\/2025\\\/01\\\/DSC_3713-Avec-accentuation-Bruit-scaled.jpg&quot;},{&quot;id&quot;:3754,&quot;url&quot;:&quot;https:\\\/\\\/www.chaletmarine.com\\\/wp-content\\\/uploads\\\/2025\\\/01\\\/DSC_3725-scaled.jpg&quot;}],&quot;background_slideshow_loop&quot;:&quot;yes&quot;,&quot;background_slideshow_slide_transition&quot;:&quot;fade&quot;,&quot;background_slideshow_transition_duration&quot;:500}\">\n\t\t\t\t\t\t<div class=\"elementor-container elementor-column-gap-no\">\n\t\t\t\t\t<div class=\"elementor-column elementor-col-100 elementor-inner-column elementor-element elementor-element-278c99f\" data-id=\"278c99f\" data-element_type=\"column\" data-e-type=\"column\" data-settings=\"{&quot;background_background&quot;:&quot;classic&quot;}\">\n\t\t\t<div class=\"elementor-widget-wrap\">\n\t\t\t\t\t\t\t<\/div>\n\t\t<\/div>\n\t\t\t\t\t<\/div>\n\t\t<\/section>\n\t\t\t\t\t<\/div>\n\t\t<\/div>\n\t\t\t\t<div class=\"elementor-column elementor-col-50 elementor-top-column elementor-element elementor-element-f206016\" data-id=\"f206016\" data-element_type=\"column\" data-e-type=\"column\" data-settings=\"{&quot;animation&quot;:&quot;none&quot;,&quot;background_background&quot;:&quot;classic&quot;,&quot;background_motion_fx_motion_fx_scrolling&quot;:&quot;yes&quot;,&quot;background_motion_fx_translateY_effect&quot;:&quot;yes&quot;,&quot;background_motion_fx_translateY_direction&quot;:&quot;negative&quot;,&quot;background_motion_fx_translateY_speed&quot;:{&quot;unit&quot;:&quot;px&quot;,&quot;size&quot;:4,&quot;sizes&quot;:[]},&quot;background_motion_fx_translateY_affectedRange&quot;:{&quot;unit&quot;:&quot;%&quot;,&quot;size&quot;:&quot;&quot;,&quot;sizes&quot;:{&quot;start&quot;:0,&quot;end&quot;:100}},&quot;background_motion_fx_devices&quot;:[&quot;desktop&quot;,&quot;tablet&quot;,&quot;mobile&quot;]}\">\n\t\t\t<div class=\"elementor-widget-wrap elementor-element-populated\">\n\t\t\t\t\t\t<div class=\"elementor-element elementor-element-62d343d elementor-widget elementor-widget-heading\" data-id=\"62d343d\" data-element_type=\"widget\" data-e-type=\"widget\" data-settings=\"{&quot;_animation&quot;:&quot;none&quot;}\" data-widget_type=\"heading.default\">\n\t\t\t\t<div class=\"elementor-widget-container\">\n\t\t\t\t\t<p class=\"elementor-heading-title elementor-size-default\">Acc\u00e8s en dameuse<\/p>\t\t\t\t<\/div>\n\t\t\t\t<\/div>\n\t\t\t\t<div class=\"elementor-element elementor-element-8d3cabf elementor-widget elementor-widget-heading\" data-id=\"8d3cabf\" data-element_type=\"widget\" data-e-type=\"widget\" data-settings=\"{&quot;_animation&quot;:&quot;none&quot;}\" data-widget_type=\"heading.default\">\n\t\t\t\t<div class=\"elementor-widget-container\">\n\t\t\t\t\t<h2 class=\"elementor-heading-title elementor-size-default\">Une aventure d\u00e8s le d\u00e9part<\/h2>\t\t\t\t<\/div>\n\t\t\t\t<\/div>\n\t\t\t\t<div class=\"elementor-element elementor-element-c0588ee elementor-widget elementor-widget-text-editor\" data-id=\"c0588ee\" data-element_type=\"widget\" data-e-type=\"widget\" data-settings=\"{&quot;_animation&quot;:&quot;none&quot;}\" data-widget_type=\"text-editor.default\">\n\t\t\t\t<div class=\"elementor-widget-container\">\n\t\t\t\t\t\t\t\t\t<p>L\u2019aventure commence d\u00e8s le d\u00e9but de la soir\u00e9e avec une mont\u00e9e en dameuse, dans une cabine chauff\u00e9e, depuis la station de Val Thorens. Une immersion totale dans l\u2019univers alpin, pour vous pr\u00e9parer \u00e0 une soir\u00e9e hors du commun.<\/p><p>\u00a0<\/p><p>La Yourte peut \u00eatre privatis\u00e9e pour des groupes allant jusqu&rsquo;\u00e0 18 personnes, vous profitez d\u2019un cadre privil\u00e9gi\u00e9 rien que pour vous !<\/p>\t\t\t\t\t\t\t\t<\/div>\n\t\t\t\t<\/div>\n\t\t\t\t<div class=\"elementor-element elementor-element-1cf0ff2 elementor-align-center elementor-widget elementor-widget-button\" data-id=\"1cf0ff2\" data-element_type=\"widget\" data-e-type=\"widget\" data-widget_type=\"button.default\">\n\t\t\t\t<div class=\"elementor-widget-container\">\n\t\t\t\t\t\t\t\t\t<div class=\"elementor-button-wrapper\">\n\t\t\t\t\t<a class=\"elementor-button elementor-button-link elementor-size-sm\" href=\"https:\/\/bookings.zenchef.com\/results?rid=360388&#038;pid=1001\" rel=\"nofollow noopener\" target=\"_blank\">\n\t\t\t\t\t\t<span class=\"elementor-button-content-wrapper\">\n\t\t\t\t\t\t\t\t\t<span class=\"elementor-button-text\">R\u00e9server<\/span>\n\t\t\t\t\t<\/span>\n\t\t\t\t\t<\/a>\n\t\t\t\t<\/div>\n\t\t\t\t\t\t\t\t<\/div>\n\t\t\t\t<\/div>\n\t\t\t\t\t<\/div>\n\t\t<\/div>\n\t\t\t\t\t<\/div>\n\t\t<\/section>\n\t\t\t\t<\/div>\n\t\t","protected":false},"excerpt":{"rendered":"<p>Les Soir\u00e9es en yourte \u00c0 VAL THORENS Vivez une soir\u00e9e hors du temps Plongez dans une exp\u00e9rience unique et inoubliable au c\u0153ur des montagnes. Nos soir\u00e9es priv\u00e9es en yourte, nich\u00e9es \u00e0 2 500 m\u00e8tres d&rsquo;altitude, vous offrent un moment hors du temps, dans une ambiance chaleureuse et authentique. D\u00e8s votre arriv\u00e9e, laissez-vous transporter par l\u2019atmosph\u00e8re [&hellip;]<\/p>\n","protected":false},"author":12,"featured_media":0,"parent":380,"menu_order":0,"comment_status":"closed","ping_status":"closed","template":"","meta":{"inline_featured_image":false,"footnotes":""},"class_list":["post-3668","page","type-page","status-publish","hentry"],"_links":{"self":[{"href":"https:\/\/www.chaletmarine.com\/en\/wp-json\/wp\/v2\/pages\/3668","targetHints":{"allow":["GET"]}}],"collection":[{"href":"https:\/\/www.chaletmarine.com\/en\/wp-json\/wp\/v2\/pages"}],"about":[{"href":"https:\/\/www.chaletmarine.com\/en\/wp-json\/wp\/v2\/types\/page"}],"author":[{"embeddable":true,"href":"https:\/\/www.chaletmarine.com\/en\/wp-json\/wp\/v2\/users\/12"}],"replies":[{"embeddable":true,"href":"https:\/\/www.chaletmarine.com\/en\/wp-json\/wp\/v2\/comments?post=3668"}],"version-history":[{"count":24,"href":"https:\/\/www.chaletmarine.com\/en\/wp-json\/wp\/v2\/pages\/3668\/revisions"}],"predecessor-version":[{"id":3831,"href":"https:\/\/www.chaletmarine.com\/en\/wp-json\/wp\/v2\/pages\/3668\/revisions\/3831"}],"up":[{"embeddable":true,"href":"https:\/\/www.chaletmarine.com\/en\/wp-json\/wp\/v2\/pages\/380"}],"wp:attachment":[{"href":"https:\/\/www.chaletmarine.com\/en\/wp-json\/wp\/v2\/media?parent=3668"}],"curies":[{"name":"wp","href":"https:\/\/api.w.org\/{rel}","templated":true}]}}