{"id":620,"date":"2021-12-06T14:24:05","date_gmt":"2021-12-06T13:24:05","guid":{"rendered":"https:\/\/www.chaletmarine.com\/?page_id=620"},"modified":"2025-02-12T16:13:08","modified_gmt":"2025-02-12T15:13:08","slug":"the-team","status":"publish","type":"page","link":"https:\/\/www.chaletmarine.com\/en\/lequipe\/","title":{"rendered":"The team"},"content":{"rendered":"\t\t<div data-elementor-type=\"wp-page\" data-elementor-id=\"620\" class=\"elementor elementor-620\" data-elementor-post-type=\"page\">\n\t\t\t\t\t\t<section class=\"elementor-section elementor-top-section elementor-element elementor-element-38c6860 elementor-section-full_width elementor-section-height-min-height elementor-section-height-default elementor-section-items-middle\" data-id=\"38c6860\" data-element_type=\"section\" data-e-type=\"section\" data-settings=\"{&quot;background_background&quot;:&quot;classic&quot;}\">\n\t\t\t\t\t\t\t<div class=\"elementor-background-overlay\"><\/div>\n\t\t\t\t\t\t\t<div class=\"elementor-container elementor-column-gap-default\">\n\t\t\t\t\t<div class=\"elementor-column elementor-col-100 elementor-top-column elementor-element elementor-element-1f07484\" data-id=\"1f07484\" data-element_type=\"column\" data-e-type=\"column\" data-settings=\"{&quot;animation&quot;:&quot;none&quot;}\">\n\t\t\t<div class=\"elementor-widget-wrap elementor-element-populated\">\n\t\t\t\t\t\t<div class=\"elementor-element elementor-element-e44e78f animated-slow elementor-widget elementor-widget-text-editor\" data-id=\"e44e78f\" data-element_type=\"widget\" data-e-type=\"widget\" data-settings=\"{&quot;_animation&quot;:&quot;none&quot;}\" data-widget_type=\"text-editor.default\">\n\t\t\t\t<div class=\"elementor-widget-container\">\n\t\t\t\t\t\t\t\t\t<p>L&rsquo;\u00e9quipe<\/p>\t\t\t\t\t\t\t\t<\/div>\n\t\t\t\t<\/div>\n\t\t\t\t<div class=\"elementor-element elementor-element-592787e animated-slow elementor-widget elementor-widget-heading\" data-id=\"592787e\" data-element_type=\"widget\" data-e-type=\"widget\" data-settings=\"{&quot;_animation&quot;:&quot;none&quot;}\" data-widget_type=\"heading.default\">\n\t\t\t\t<div class=\"elementor-widget-container\">\n\t\t\t\t\t<h1 class=\"elementor-heading-title elementor-size-default\">chalet de la marine<\/h1>\t\t\t\t<\/div>\n\t\t\t\t<\/div>\n\t\t\t\t\t<\/div>\n\t\t<\/div>\n\t\t\t\t\t<\/div>\n\t\t<\/section>\n\t\t\t\t<section class=\"elementor-section elementor-top-section elementor-element elementor-element-34f2d12 elementor-section-full_width elementor-section-height-min-height elementor-reverse-mobile elementor-section-height-default elementor-section-items-middle\" data-id=\"34f2d12\" data-element_type=\"section\" data-e-type=\"section\" data-settings=\"{&quot;background_background&quot;:&quot;classic&quot;}\">\n\t\t\t\t\t\t<div class=\"elementor-container elementor-column-gap-default\">\n\t\t\t\t\t<div class=\"elementor-column elementor-col-50 elementor-top-column elementor-element elementor-element-f3d4943\" data-id=\"f3d4943\" data-element_type=\"column\" data-e-type=\"column\" data-settings=\"{&quot;background_background&quot;:&quot;classic&quot;}\">\n\t\t\t<div class=\"elementor-widget-wrap elementor-element-populated\">\n\t\t\t\t\t\t<section class=\"elementor-section elementor-inner-section elementor-element elementor-element-c2d3446 elementor-section-full_width elementor-section-height-min-height elementor-section-height-default\" data-id=\"c2d3446\" data-element_type=\"section\" data-e-type=\"section\" data-settings=\"{&quot;background_background&quot;:&quot;slideshow&quot;,&quot;background_slideshow_slide_duration&quot;:2000,&quot;background_slideshow_gallery&quot;:[],&quot;background_slideshow_loop&quot;:&quot;yes&quot;,&quot;background_slideshow_slide_transition&quot;:&quot;fade&quot;,&quot;background_slideshow_transition_duration&quot;:500}\">\n\t\t\t\t\t\t<div class=\"elementor-container elementor-column-gap-no\">\n\t\t\t\t\t<div class=\"elementor-column elementor-col-100 elementor-inner-column elementor-element elementor-element-04a5be6\" data-id=\"04a5be6\" data-element_type=\"column\" data-e-type=\"column\" data-settings=\"{&quot;background_background&quot;:&quot;slideshow&quot;,&quot;background_slideshow_gallery&quot;:[{&quot;id&quot;:3864,&quot;url&quot;:&quot;https:\\\/\\\/www.chaletmarine.com\\\/wp-content\\\/uploads\\\/2025\\\/02\\\/DSC_3500-1-scaled.jpg&quot;},{&quot;id&quot;:732,&quot;url&quot;:&quot;https:\\\/\\\/www.chaletmarine.com\\\/wp-content\\\/uploads\\\/2021\\\/12\\\/DSC00306-min-scaled.jpg&quot;},{&quot;id&quot;:3865,&quot;url&quot;:&quot;https:\\\/\\\/www.chaletmarine.com\\\/wp-content\\\/uploads\\\/2025\\\/02\\\/DSC_3430-scaled.jpg&quot;},{&quot;id&quot;:734,&quot;url&quot;:&quot;https:\\\/\\\/www.chaletmarine.com\\\/wp-content\\\/uploads\\\/2021\\\/12\\\/MG_4499-min-scaled.jpg&quot;},{&quot;id&quot;:726,&quot;url&quot;:&quot;https:\\\/\\\/www.chaletmarine.com\\\/wp-content\\\/uploads\\\/2021\\\/12\\\/MG_1524-min-scaled.jpg&quot;}],&quot;background_slideshow_slide_duration&quot;:2800,&quot;background_slideshow_loop&quot;:&quot;yes&quot;,&quot;background_slideshow_slide_transition&quot;:&quot;fade&quot;,&quot;background_slideshow_transition_duration&quot;:500}\">\n\t\t\t<div class=\"elementor-widget-wrap\">\n\t\t\t\t\t\t\t<\/div>\n\t\t<\/div>\n\t\t\t\t\t<\/div>\n\t\t<\/section>\n\t\t\t\t\t<\/div>\n\t\t<\/div>\n\t\t\t\t<div class=\"elementor-column elementor-col-50 elementor-top-column elementor-element elementor-element-3d51adc elementor-invisible\" data-id=\"3d51adc\" data-element_type=\"column\" data-e-type=\"column\" data-settings=\"{&quot;background_background&quot;:&quot;classic&quot;,&quot;background_motion_fx_motion_fx_scrolling&quot;:&quot;yes&quot;,&quot;background_motion_fx_translateY_effect&quot;:&quot;yes&quot;,&quot;background_motion_fx_translateY_direction&quot;:&quot;negative&quot;,&quot;animation&quot;:&quot;fadeInUp&quot;,&quot;background_motion_fx_translateY_speed&quot;:{&quot;unit&quot;:&quot;px&quot;,&quot;size&quot;:4,&quot;sizes&quot;:[]},&quot;background_motion_fx_translateY_affectedRange&quot;:{&quot;unit&quot;:&quot;%&quot;,&quot;size&quot;:&quot;&quot;,&quot;sizes&quot;:{&quot;start&quot;:0,&quot;end&quot;:100}},&quot;background_motion_fx_devices&quot;:[&quot;desktop&quot;,&quot;tablet&quot;,&quot;mobile&quot;]}\">\n\t\t\t<div class=\"elementor-widget-wrap elementor-element-populated\">\n\t\t\t\t\t\t<div class=\"elementor-element elementor-element-2855e24 elementor-widget elementor-widget-heading\" data-id=\"2855e24\" data-element_type=\"widget\" data-e-type=\"widget\" data-settings=\"{&quot;_animation&quot;:&quot;none&quot;}\" data-widget_type=\"heading.default\">\n\t\t\t\t<div class=\"elementor-widget-container\">\n\t\t\t\t\t<p class=\"elementor-heading-title elementor-size-default\">Rencontrez<\/p>\t\t\t\t<\/div>\n\t\t\t\t<\/div>\n\t\t\t\t<div class=\"elementor-element elementor-element-1159580 elementor-widget elementor-widget-heading\" data-id=\"1159580\" data-element_type=\"widget\" data-e-type=\"widget\" data-settings=\"{&quot;_animation&quot;:&quot;none&quot;}\" data-widget_type=\"heading.default\">\n\t\t\t\t<div class=\"elementor-widget-container\">\n\t\t\t\t\t<h2 class=\"elementor-heading-title elementor-size-default\">l'\u00e9quipe de la marine<\/h2>\t\t\t\t<\/div>\n\t\t\t\t<\/div>\n\t\t\t\t<div class=\"elementor-element elementor-element-9dca744 elementor-widget elementor-widget-text-editor\" data-id=\"9dca744\" data-element_type=\"widget\" data-e-type=\"widget\" data-settings=\"{&quot;_animation&quot;:&quot;none&quot;}\" data-widget_type=\"text-editor.default\">\n\t\t\t\t<div class=\"elementor-widget-container\">\n\t\t\t\t\t\t\t\t\t<p>C\u2019est une \u00e9quipe fid\u00e8le qui se retrouve ann\u00e9es apr\u00e8s ann\u00e9es autour d\u2019Arnaud Gorini, le propri\u00e9taire et g\u00e9rant du Chalet de la Marine : Coco, le responsable du restaurant Tradition, r\u00e9pond pr\u00e9sent depuis 15 ans, et cela fait 11 ans pour la cheffe de cuisine Mathilde Mattera.<\/p><p>Les Sherpas Passang et Nima font \u00e9galement partie de cette aventure en rejoignant l\u2019\u00e9quipe chaque hiver. Puis ils retournent \u00e0 leur vie n\u00e9palaise pour le reste de l\u2019ann\u00e9e.<\/p><p>Comme une tradition, l\u2019\u00e9quipe se reforme chaque ann\u00e9e dans une atmosph\u00e8re professionnelle et bienveillante qui se ressent dans la cuisine g\u00e9n\u00e9reuse et travaill\u00e9e du restaurant.<\/p>\t\t\t\t\t\t\t\t<\/div>\n\t\t\t\t<\/div>\n\t\t\t\t\t<\/div>\n\t\t<\/div>\n\t\t\t\t\t<\/div>\n\t\t<\/section>\n\t\t\t\t<section class=\"elementor-section elementor-top-section elementor-element elementor-element-ceb89ff elementor-section-full_width elementor-section-height-default elementor-section-height-default\" data-id=\"ceb89ff\" data-element_type=\"section\" data-e-type=\"section\" data-settings=\"{&quot;background_background&quot;:&quot;classic&quot;}\">\n\t\t\t\t\t\t<div class=\"elementor-container elementor-column-gap-default\">\n\t\t\t\t\t<div class=\"elementor-column elementor-col-50 elementor-top-column elementor-element elementor-element-4e07067 elementor-invisible\" data-id=\"4e07067\" data-element_type=\"column\" data-e-type=\"column\" data-settings=\"{&quot;animation&quot;:&quot;fadeInUp&quot;,&quot;background_background&quot;:&quot;classic&quot;,&quot;background_motion_fx_motion_fx_scrolling&quot;:&quot;yes&quot;,&quot;background_motion_fx_translateY_effect&quot;:&quot;yes&quot;,&quot;background_motion_fx_translateY_direction&quot;:&quot;negative&quot;,&quot;background_motion_fx_translateY_speed&quot;:{&quot;unit&quot;:&quot;px&quot;,&quot;size&quot;:4,&quot;sizes&quot;:[]},&quot;background_motion_fx_translateY_affectedRange&quot;:{&quot;unit&quot;:&quot;%&quot;,&quot;size&quot;:&quot;&quot;,&quot;sizes&quot;:{&quot;start&quot;:0,&quot;end&quot;:100}},&quot;background_motion_fx_devices&quot;:[&quot;desktop&quot;,&quot;tablet&quot;,&quot;mobile&quot;]}\">\n\t\t\t<div class=\"elementor-widget-wrap elementor-element-populated\">\n\t\t\t\t\t\t<div class=\"elementor-element elementor-element-80ce21b elementor-widget elementor-widget-heading\" data-id=\"80ce21b\" data-element_type=\"widget\" data-e-type=\"widget\" data-settings=\"{&quot;_animation&quot;:&quot;none&quot;}\" data-widget_type=\"heading.default\">\n\t\t\t\t<div class=\"elementor-widget-container\">\n\t\t\t\t\t<p class=\"elementor-heading-title elementor-size-default\">D\u00e9couvrez<\/p>\t\t\t\t<\/div>\n\t\t\t\t<\/div>\n\t\t\t\t<div class=\"elementor-element elementor-element-dc401cd elementor-widget elementor-widget-heading\" data-id=\"dc401cd\" data-element_type=\"widget\" data-e-type=\"widget\" data-settings=\"{&quot;_animation&quot;:&quot;none&quot;}\" data-widget_type=\"heading.default\">\n\t\t\t\t<div class=\"elementor-widget-container\">\n\t\t\t\t\t<h2 class=\"elementor-heading-title elementor-size-default\">Mathilde Mattera, cheffe des cuisines<\/h2>\t\t\t\t<\/div>\n\t\t\t\t<\/div>\n\t\t\t\t<div class=\"elementor-element elementor-element-910ff55 elementor-widget elementor-widget-text-editor\" data-id=\"910ff55\" data-element_type=\"widget\" data-e-type=\"widget\" data-settings=\"{&quot;_animation&quot;:&quot;none&quot;}\" data-widget_type=\"text-editor.default\">\n\t\t\t\t<div class=\"elementor-widget-container\">\n\t\t\t\t\t\t\t\t\t<p>En 2015, c&rsquo;est la Cheffe Mathilde Mattera qui prend les r\u00eanes de la cuisine, propuls\u00e9e par Romuald Fassenet.<\/p>\n<p>Pour elle qui a d\u00e9but\u00e9 aupr\u00e8s du chef \u00e9toil\u00e9 Olivier Nasti dans un restaurant de tarte flamb\u00e9e en Alsace, \u00ab\u00a0le Chalet est un lieu extraordinaire avec une terrasse unique\u00a0\u00bb et en un mot : authentique.<\/p>\n<p><span style=\"color: var( --e-global-color-secondary ); font-family: var( --e-global-typography-text-font-family ), Sans-serif; font-size: var( --e-global-typography-text-font-size ); font-weight: var( --e-global-typography-text-font-weight ); background-color: var( --e-global-color-primary );\">L&rsquo;\u00e9quipe du Chalet de la Marine aime faire \u00e9voluer le restaurant, proposer de nouvelles suggestions et travailler des produits frais de premi\u00e8re qualit\u00e9, qui sont approvisionn\u00e9s chaque jour en motoneige ou chenillette, quelle que soit la m\u00e9t\u00e9o.<\/span>.&nbsp;<\/p>\t\t\t\t\t\t\t\t<\/div>\n\t\t\t\t<\/div>\n\t\t\t\t\t<\/div>\n\t\t<\/div>\n\t\t\t\t<div class=\"elementor-column elementor-col-50 elementor-top-column elementor-element elementor-element-6aadb64\" data-id=\"6aadb64\" data-element_type=\"column\" data-e-type=\"column\" data-settings=\"{&quot;background_background&quot;:&quot;classic&quot;}\">\n\t\t\t<div class=\"elementor-widget-wrap elementor-element-populated\">\n\t\t\t\t\t\t<section class=\"elementor-section elementor-inner-section elementor-element elementor-element-12f4626 elementor-section-full_width elementor-section-height-min-height elementor-section-height-default\" data-id=\"12f4626\" data-element_type=\"section\" data-e-type=\"section\" data-settings=\"{&quot;background_background&quot;:&quot;slideshow&quot;,&quot;background_slideshow_slide_duration&quot;:2000,&quot;background_slideshow_gallery&quot;:[],&quot;background_slideshow_loop&quot;:&quot;yes&quot;,&quot;background_slideshow_slide_transition&quot;:&quot;fade&quot;,&quot;background_slideshow_transition_duration&quot;:500}\">\n\t\t\t\t\t\t<div class=\"elementor-container elementor-column-gap-no\">\n\t\t\t\t\t<div class=\"elementor-column elementor-col-100 elementor-inner-column elementor-element elementor-element-3d202a5\" data-id=\"3d202a5\" data-element_type=\"column\" data-e-type=\"column\" data-settings=\"{&quot;background_background&quot;:&quot;classic&quot;}\">\n\t\t\t<div class=\"elementor-widget-wrap\">\n\t\t\t\t\t\t\t<\/div>\n\t\t<\/div>\n\t\t\t\t\t<\/div>\n\t\t<\/section>\n\t\t\t\t\t<\/div>\n\t\t<\/div>\n\t\t\t\t\t<\/div>\n\t\t<\/section>\n\t\t\t\t<\/div>\n\t\t","protected":false},"excerpt":{"rendered":"<p>L&rsquo;\u00e9quipe chalet de la marine Rencontrez l&rsquo;\u00e9quipe de la marine C\u2019est une \u00e9quipe fid\u00e8le qui se retrouve ann\u00e9es apr\u00e8s ann\u00e9es autour d\u2019Arnaud Gorini, le propri\u00e9taire et g\u00e9rant du Chalet de la Marine : Coco, le responsable du restaurant Tradition, r\u00e9pond pr\u00e9sent depuis 15 ans, et cela fait 11 ans pour la cheffe de cuisine Mathilde [&hellip;]<\/p>\n","protected":false},"author":11,"featured_media":0,"parent":0,"menu_order":0,"comment_status":"closed","ping_status":"closed","template":"","meta":{"inline_featured_image":false,"footnotes":""},"class_list":["post-620","page","type-page","status-publish","hentry"],"_links":{"self":[{"href":"https:\/\/www.chaletmarine.com\/en\/wp-json\/wp\/v2\/pages\/620","targetHints":{"allow":["GET"]}}],"collection":[{"href":"https:\/\/www.chaletmarine.com\/en\/wp-json\/wp\/v2\/pages"}],"about":[{"href":"https:\/\/www.chaletmarine.com\/en\/wp-json\/wp\/v2\/types\/page"}],"author":[{"embeddable":true,"href":"https:\/\/www.chaletmarine.com\/en\/wp-json\/wp\/v2\/users\/11"}],"replies":[{"embeddable":true,"href":"https:\/\/www.chaletmarine.com\/en\/wp-json\/wp\/v2\/comments?post=620"}],"version-history":[{"count":187,"href":"https:\/\/www.chaletmarine.com\/en\/wp-json\/wp\/v2\/pages\/620\/revisions"}],"predecessor-version":[{"id":3868,"href":"https:\/\/www.chaletmarine.com\/en\/wp-json\/wp\/v2\/pages\/620\/revisions\/3868"}],"wp:attachment":[{"href":"https:\/\/www.chaletmarine.com\/en\/wp-json\/wp\/v2\/media?parent=620"}],"curies":[{"name":"wp","href":"https:\/\/api.w.org\/{rel}","templated":true}]}}