{"id":625,"date":"2021-12-06T14:25:03","date_gmt":"2021-12-06T13:25:03","guid":{"rendered":"https:\/\/www.chaletmarine.com\/?page_id=625"},"modified":"2025-03-10T14:50:03","modified_gmt":"2025-03-10T13:50:03","slug":"the-bistro","status":"publish","type":"page","link":"https:\/\/www.chaletmarine.com\/en\/le-bistro\/","title":{"rendered":"The bistro"},"content":{"rendered":"\t\t<div data-elementor-type=\"wp-page\" data-elementor-id=\"625\" class=\"elementor elementor-625\" data-elementor-post-type=\"page\">\n\t\t\t\t\t\t<section class=\"elementor-section elementor-top-section elementor-element elementor-element-8a1dd08 elementor-section-full_width elementor-section-height-min-height elementor-section-height-default elementor-section-items-middle\" data-id=\"8a1dd08\" data-element_type=\"section\" data-e-type=\"section\" data-settings=\"{&quot;background_background&quot;:&quot;classic&quot;}\">\n\t\t\t\t\t\t\t<div class=\"elementor-background-overlay\"><\/div>\n\t\t\t\t\t\t\t<div class=\"elementor-container elementor-column-gap-default\">\n\t\t\t\t\t<div class=\"elementor-column elementor-col-100 elementor-top-column elementor-element elementor-element-c1b6dab\" data-id=\"c1b6dab\" data-element_type=\"column\" data-e-type=\"column\">\n\t\t\t<div class=\"elementor-widget-wrap elementor-element-populated\">\n\t\t\t\t\t\t<div class=\"elementor-element elementor-element-792fac1 animated-slow elementor-widget elementor-widget-text-editor\" data-id=\"792fac1\" data-element_type=\"widget\" data-e-type=\"widget\" data-settings=\"{&quot;_animation&quot;:&quot;none&quot;}\" data-widget_type=\"text-editor.default\">\n\t\t\t\t<div class=\"elementor-widget-container\">\n\t\t\t\t\t\t\t\t\t<p>Le Bistro<\/p>\t\t\t\t\t\t\t\t<\/div>\n\t\t\t\t<\/div>\n\t\t\t\t<div class=\"elementor-element elementor-element-0fd0b83 animated-slow elementor-widget elementor-widget-heading\" data-id=\"0fd0b83\" data-element_type=\"widget\" data-e-type=\"widget\" data-settings=\"{&quot;_animation&quot;:&quot;none&quot;}\" data-widget_type=\"heading.default\">\n\t\t\t\t<div class=\"elementor-widget-container\">\n\t\t\t\t\t<h1 class=\"elementor-heading-title elementor-size-default\">Val Thorens<\/h1>\t\t\t\t<\/div>\n\t\t\t\t<\/div>\n\t\t\t\t\t<\/div>\n\t\t<\/div>\n\t\t\t\t\t<\/div>\n\t\t<\/section>\n\t\t\t\t<section class=\"elementor-section elementor-top-section elementor-element elementor-element-2dbd866 elementor-section-full_width elementor-section-height-default elementor-section-height-default\" data-id=\"2dbd866\" data-element_type=\"section\" data-e-type=\"section\" data-settings=\"{&quot;background_background&quot;:&quot;classic&quot;}\">\n\t\t\t\t\t\t<div class=\"elementor-container elementor-column-gap-default\">\n\t\t\t\t\t<div class=\"elementor-column elementor-col-50 elementor-top-column elementor-element elementor-element-ae5ebaa elementor-invisible\" data-id=\"ae5ebaa\" data-element_type=\"column\" data-e-type=\"column\" data-settings=\"{&quot;animation&quot;:&quot;fadeInUp&quot;,&quot;background_background&quot;:&quot;classic&quot;,&quot;background_motion_fx_motion_fx_scrolling&quot;:&quot;yes&quot;,&quot;background_motion_fx_translateY_effect&quot;:&quot;yes&quot;,&quot;background_motion_fx_translateY_direction&quot;:&quot;negative&quot;,&quot;background_motion_fx_translateY_speed&quot;:{&quot;unit&quot;:&quot;px&quot;,&quot;size&quot;:4,&quot;sizes&quot;:[]},&quot;background_motion_fx_translateY_affectedRange&quot;:{&quot;unit&quot;:&quot;%&quot;,&quot;size&quot;:&quot;&quot;,&quot;sizes&quot;:{&quot;start&quot;:0,&quot;end&quot;:100}},&quot;background_motion_fx_devices&quot;:[&quot;desktop&quot;,&quot;tablet&quot;,&quot;mobile&quot;]}\">\n\t\t\t<div class=\"elementor-widget-wrap elementor-element-populated\">\n\t\t\t\t\t\t<div class=\"elementor-element elementor-element-4901fbe elementor-widget elementor-widget-heading\" data-id=\"4901fbe\" data-element_type=\"widget\" data-e-type=\"widget\" data-settings=\"{&quot;_animation&quot;:&quot;none&quot;}\" data-widget_type=\"heading.default\">\n\t\t\t\t<div class=\"elementor-widget-container\">\n\t\t\t\t\t<p class=\"elementor-heading-title elementor-size-default\">Faites une pause<\/p>\t\t\t\t<\/div>\n\t\t\t\t<\/div>\n\t\t\t\t<div class=\"elementor-element elementor-element-a1e7388 elementor-widget elementor-widget-heading\" data-id=\"a1e7388\" data-element_type=\"widget\" data-e-type=\"widget\" data-settings=\"{&quot;_animation&quot;:&quot;none&quot;}\" data-widget_type=\"heading.default\">\n\t\t\t\t<div class=\"elementor-widget-container\">\n\t\t\t\t\t<h2 class=\"elementor-heading-title elementor-size-default\">Au Bistro Self-Service de La Marine<\/h2>\t\t\t\t<\/div>\n\t\t\t\t<\/div>\n\t\t\t\t<div class=\"elementor-element elementor-element-f38194b elementor-widget elementor-widget-text-editor\" data-id=\"f38194b\" data-element_type=\"widget\" data-e-type=\"widget\" data-settings=\"{&quot;_animation&quot;:&quot;none&quot;}\" data-widget_type=\"text-editor.default\">\n\t\t\t\t<div class=\"elementor-widget-container\">\n\t\t\t\t\t\t\t\t\t<p>Convivialit\u00e9 et bonne humeur attendent les skieurs comme les pi\u00e9tons dans ce Bistro chaleureux au sommet des pistes.<\/p><p>D\u00e9couvrez un self-service Bistro \u00ab\u00a0sur le pouce\u00a0\u00bb pour vous r\u00e9chauffer apr\u00e8s un moment sur les pistes. Au menu, des plats simples, rapides et copieux.<\/p>\t\t\t\t\t\t\t\t<\/div>\n\t\t\t\t<\/div>\n\t\t\t\t\t<\/div>\n\t\t<\/div>\n\t\t\t\t<div class=\"elementor-column elementor-col-50 elementor-top-column elementor-element elementor-element-ad6ebc4\" data-id=\"ad6ebc4\" data-element_type=\"column\" data-e-type=\"column\" data-settings=\"{&quot;background_background&quot;:&quot;classic&quot;}\">\n\t\t\t<div class=\"elementor-widget-wrap elementor-element-populated\">\n\t\t\t\t\t\t<section class=\"elementor-section elementor-inner-section elementor-element elementor-element-437f595 elementor-section-full_width elementor-section-height-min-height elementor-section-height-default\" data-id=\"437f595\" data-element_type=\"section\" data-e-type=\"section\" data-settings=\"{&quot;background_background&quot;:&quot;slideshow&quot;,&quot;background_slideshow_slide_duration&quot;:2000,&quot;background_slideshow_gallery&quot;:[{&quot;id&quot;:726,&quot;url&quot;:&quot;https:\\\/\\\/www.chaletmarine.com\\\/wp-content\\\/uploads\\\/2021\\\/12\\\/MG_1524-min-scaled.jpg&quot;},{&quot;id&quot;:3854,&quot;url&quot;:&quot;https:\\\/\\\/www.chaletmarine.com\\\/wp-content\\\/uploads\\\/2025\\\/02\\\/pizz-burrata-DSC_3301-scaled.jpg&quot;},{&quot;id&quot;:3859,&quot;url&quot;:&quot;https:\\\/\\\/www.chaletmarine.com\\\/wp-content\\\/uploads\\\/2025\\\/02\\\/DSC_9242-scaled.jpg&quot;},{&quot;id&quot;:3853,&quot;url&quot;:&quot;https:\\\/\\\/www.chaletmarine.com\\\/wp-content\\\/uploads\\\/2025\\\/02\\\/gnocchi-DSC_3288-scaled.jpg&quot;},{&quot;id&quot;:3855,&quot;url&quot;:&quot;https:\\\/\\\/www.chaletmarine.com\\\/wp-content\\\/uploads\\\/2025\\\/02\\\/spaghetti-DSC_3257-scaled.jpg&quot;},{&quot;id&quot;:3860,&quot;url&quot;:&quot;https:\\\/\\\/www.chaletmarine.com\\\/wp-content\\\/uploads\\\/2025\\\/02\\\/DSC_9205-scaled.jpg&quot;},{&quot;id&quot;:3856,&quot;url&quot;:&quot;https:\\\/\\\/www.chaletmarine.com\\\/wp-content\\\/uploads\\\/2025\\\/02\\\/DSC_9112-scaled.jpg&quot;}],&quot;background_slideshow_loop&quot;:&quot;yes&quot;,&quot;background_slideshow_slide_transition&quot;:&quot;fade&quot;,&quot;background_slideshow_transition_duration&quot;:500}\">\n\t\t\t\t\t\t<div class=\"elementor-container elementor-column-gap-no\">\n\t\t\t\t\t<div class=\"elementor-column elementor-col-100 elementor-inner-column elementor-element elementor-element-b495e58\" data-id=\"b495e58\" data-element_type=\"column\" data-e-type=\"column\" data-settings=\"{&quot;background_background&quot;:&quot;classic&quot;}\">\n\t\t\t<div class=\"elementor-widget-wrap\">\n\t\t\t\t\t\t\t<\/div>\n\t\t<\/div>\n\t\t\t\t\t<\/div>\n\t\t<\/section>\n\t\t\t\t\t<\/div>\n\t\t<\/div>\n\t\t\t\t\t<\/div>\n\t\t<\/section>\n\t\t\t\t<section class=\"elementor-section elementor-top-section elementor-element elementor-element-3944a3d elementor-section-height-min-height elementor-section-boxed elementor-section-height-default elementor-section-items-middle\" data-id=\"3944a3d\" data-element_type=\"section\" data-e-type=\"section\" data-settings=\"{&quot;background_background&quot;:&quot;classic&quot;}\">\n\t\t\t\t\t\t\t<div class=\"elementor-background-overlay\"><\/div>\n\t\t\t\t\t\t\t<div class=\"elementor-container elementor-column-gap-default\">\n\t\t\t\t\t<div class=\"elementor-column elementor-col-100 elementor-top-column elementor-element elementor-element-9d29757\" data-id=\"9d29757\" data-element_type=\"column\" data-e-type=\"column\" data-settings=\"{&quot;background_background&quot;:&quot;classic&quot;,&quot;background_motion_fx_motion_fx_scrolling&quot;:&quot;yes&quot;,&quot;background_motion_fx_translateY_effect&quot;:&quot;yes&quot;,&quot;background_motion_fx_translateY_direction&quot;:&quot;negative&quot;,&quot;background_motion_fx_translateY_speed&quot;:{&quot;unit&quot;:&quot;px&quot;,&quot;size&quot;:4,&quot;sizes&quot;:[]},&quot;background_motion_fx_translateY_affectedRange&quot;:{&quot;unit&quot;:&quot;%&quot;,&quot;size&quot;:&quot;&quot;,&quot;sizes&quot;:{&quot;start&quot;:0,&quot;end&quot;:100}},&quot;background_motion_fx_devices&quot;:[&quot;desktop&quot;,&quot;tablet&quot;,&quot;mobile&quot;]}\">\n\t\t\t<div class=\"elementor-widget-wrap elementor-element-populated\">\n\t\t\t\t\t\t<div class=\"elementor-element elementor-element-35c8566 elementor-widget elementor-widget-heading\" data-id=\"35c8566\" data-element_type=\"widget\" data-e-type=\"widget\" data-settings=\"{&quot;_animation&quot;:&quot;none&quot;}\" data-widget_type=\"heading.default\">\n\t\t\t\t<div class=\"elementor-widget-container\">\n\t\t\t\t\t<p class=\"elementor-heading-title elementor-size-default\">D\u00e9couvrez<\/p>\t\t\t\t<\/div>\n\t\t\t\t<\/div>\n\t\t\t\t<div class=\"elementor-element elementor-element-5978b81 elementor-widget elementor-widget-heading\" data-id=\"5978b81\" data-element_type=\"widget\" data-e-type=\"widget\" data-settings=\"{&quot;_animation&quot;:&quot;none&quot;}\" data-widget_type=\"heading.default\">\n\t\t\t\t<div class=\"elementor-widget-container\">\n\t\t\t\t\t<h2 class=\"elementor-heading-title elementor-size-default\">Notre carte du Bistro<\/h2>\t\t\t\t<\/div>\n\t\t\t\t<\/div>\n\t\t\t\t<div class=\"elementor-element elementor-element-f283638 elementor-widget elementor-widget-text-editor\" data-id=\"f283638\" data-element_type=\"widget\" data-e-type=\"widget\" data-settings=\"{&quot;_animation&quot;:&quot;none&quot;}\" data-widget_type=\"text-editor.default\">\n\t\t\t\t<div class=\"elementor-widget-container\">\n\t\t\t\t\t\t\t\t\t<p>Soupes r\u00e9confortantes, p\u00e2tes, burgers, pizzas, mais aussi tartiflette maison, poutine savoyarde, Poke Bowl et desserts&#8230; La carte du Bistro s&rsquo;adapte \u00e0 toutes les envies.<\/p><p>Imagin\u00e9es pour satisfaire les skieurs press\u00e9s, les recettes sont simples, rapides et copieuses sans faire l&rsquo;impasse sur les saveurs. On y retrouve tout le savoir-faire et la cr\u00e9ativit\u00e9 de l&rsquo;\u00e9quipe du Chalet de la Marine. Le self-service et le d\u00e9cor chaleureux invitent \u00e0 la convivialit\u00e9, pour un moment unique au sommet des pistes.\u00a0<\/p><p>Offrez-vous une pause m\u00e9rit\u00e9e autour d&rsquo;une boisson fra\u00eeche, d&rsquo;un chocolat Viennois, d&rsquo;un Irish Coffee ou d&rsquo;une bi\u00e8re locale et cr\u00e9ez de nouveaux souvenirs dans le d\u00e9cor grandiose de Val Thorens !\u00a0<\/p>\t\t\t\t\t\t\t\t<\/div>\n\t\t\t\t<\/div>\n\t\t\t\t<section class=\"elementor-section elementor-inner-section elementor-element elementor-element-0a72a93 elementor-section-boxed elementor-section-height-default elementor-section-height-default\" data-id=\"0a72a93\" data-element_type=\"section\" data-e-type=\"section\">\n\t\t\t\t\t\t<div class=\"elementor-container elementor-column-gap-default\">\n\t\t\t\t\t<div class=\"elementor-column elementor-col-100 elementor-inner-column elementor-element elementor-element-d87df33\" data-id=\"d87df33\" data-element_type=\"column\" data-e-type=\"column\">\n\t\t\t<div class=\"elementor-widget-wrap elementor-element-populated\">\n\t\t\t\t\t\t<div class=\"elementor-element elementor-element-7aec31e elementor-align-center elementor-widget elementor-widget-button\" data-id=\"7aec31e\" data-element_type=\"widget\" data-e-type=\"widget\" data-widget_type=\"button.default\">\n\t\t\t\t<div class=\"elementor-widget-container\">\n\t\t\t\t\t\t\t\t\t<div class=\"elementor-button-wrapper\">\n\t\t\t\t\t<a class=\"elementor-button elementor-button-link elementor-size-sm\" href=\"https:\/\/www.chaletmarine.com\/en\/le-bistro\/carte-du-restaurant\/\">\n\t\t\t\t\t\t<span class=\"elementor-button-content-wrapper\">\n\t\t\t\t\t\t\t\t\t<span class=\"elementor-button-text\">voir la carte<\/span>\n\t\t\t\t\t<\/span>\n\t\t\t\t\t<\/a>\n\t\t\t\t<\/div>\n\t\t\t\t\t\t\t\t<\/div>\n\t\t\t\t<\/div>\n\t\t\t\t\t<\/div>\n\t\t<\/div>\n\t\t\t\t\t<\/div>\n\t\t<\/section>\n\t\t\t\t\t<\/div>\n\t\t<\/div>\n\t\t\t\t\t<\/div>\n\t\t<\/section>\n\t\t\t\t<section class=\"elementor-section elementor-top-section elementor-element elementor-element-7f0284d elementor-section-full_width elementor-section-height-default elementor-section-height-default\" data-id=\"7f0284d\" data-element_type=\"section\" data-e-type=\"section\" data-settings=\"{&quot;background_background&quot;:&quot;classic&quot;}\">\n\t\t\t\t\t\t<div class=\"elementor-container elementor-column-gap-default\">\n\t\t\t\t\t<div class=\"elementor-column elementor-col-50 elementor-top-column elementor-element elementor-element-885adf3\" data-id=\"885adf3\" data-element_type=\"column\" data-e-type=\"column\" data-settings=\"{&quot;background_background&quot;:&quot;classic&quot;}\">\n\t\t\t<div class=\"elementor-widget-wrap elementor-element-populated\">\n\t\t\t\t\t\t<section class=\"elementor-section elementor-inner-section elementor-element elementor-element-503ede3 elementor-section-full_width elementor-section-height-min-height elementor-section-height-default\" data-id=\"503ede3\" data-element_type=\"section\" data-e-type=\"section\" data-settings=\"{&quot;background_background&quot;:&quot;slideshow&quot;,&quot;background_slideshow_slide_duration&quot;:2000,&quot;background_slideshow_gallery&quot;:[{&quot;id&quot;:2394,&quot;url&quot;:&quot;https:\\\/\\\/www.chaletmarine.com\\\/wp-content\\\/uploads\\\/2021\\\/12\\\/Concert-Marine-T.Loubere-2-scaled.jpg&quot;},{&quot;id&quot;:2395,&quot;url&quot;:&quot;https:\\\/\\\/www.chaletmarine.com\\\/wp-content\\\/uploads\\\/2021\\\/12\\\/Concert-Marine-T.Loubere-11-scaled.jpg&quot;},{&quot;id&quot;:2396,&quot;url&quot;:&quot;https:\\\/\\\/www.chaletmarine.com\\\/wp-content\\\/uploads\\\/2021\\\/12\\\/Concert-Marine-T.Loubere-13-scaled.jpg&quot;},{&quot;id&quot;:2397,&quot;url&quot;:&quot;https:\\\/\\\/www.chaletmarine.com\\\/wp-content\\\/uploads\\\/2021\\\/12\\\/Concert-Marine-T.Loubere-15-scaled.jpg&quot;},{&quot;id&quot;:1870,&quot;url&quot;:&quot;https:\\\/\\\/www.chaletmarine.com\\\/wp-content\\\/uploads\\\/2021\\\/12\\\/MG_6298-scaled.jpg&quot;}],&quot;background_slideshow_loop&quot;:&quot;yes&quot;,&quot;background_slideshow_slide_transition&quot;:&quot;fade&quot;,&quot;background_slideshow_transition_duration&quot;:500}\">\n\t\t\t\t\t\t<div class=\"elementor-container elementor-column-gap-no\">\n\t\t\t\t\t<div class=\"elementor-column elementor-col-100 elementor-inner-column elementor-element elementor-element-278c99f\" data-id=\"278c99f\" data-element_type=\"column\" data-e-type=\"column\" data-settings=\"{&quot;background_background&quot;:&quot;classic&quot;}\">\n\t\t\t<div class=\"elementor-widget-wrap\">\n\t\t\t\t\t\t\t<\/div>\n\t\t<\/div>\n\t\t\t\t\t<\/div>\n\t\t<\/section>\n\t\t\t\t\t<\/div>\n\t\t<\/div>\n\t\t\t\t<div class=\"elementor-column elementor-col-50 elementor-top-column elementor-element elementor-element-f206016\" data-id=\"f206016\" data-element_type=\"column\" data-e-type=\"column\" data-settings=\"{&quot;animation&quot;:&quot;none&quot;,&quot;background_background&quot;:&quot;classic&quot;,&quot;background_motion_fx_motion_fx_scrolling&quot;:&quot;yes&quot;,&quot;background_motion_fx_translateY_effect&quot;:&quot;yes&quot;,&quot;background_motion_fx_translateY_direction&quot;:&quot;negative&quot;,&quot;background_motion_fx_translateY_speed&quot;:{&quot;unit&quot;:&quot;px&quot;,&quot;size&quot;:4,&quot;sizes&quot;:[]},&quot;background_motion_fx_translateY_affectedRange&quot;:{&quot;unit&quot;:&quot;%&quot;,&quot;size&quot;:&quot;&quot;,&quot;sizes&quot;:{&quot;start&quot;:0,&quot;end&quot;:100}},&quot;background_motion_fx_devices&quot;:[&quot;desktop&quot;,&quot;tablet&quot;,&quot;mobile&quot;]}\">\n\t\t\t<div class=\"elementor-widget-wrap elementor-element-populated\">\n\t\t\t\t\t\t<div class=\"elementor-element elementor-element-62d343d elementor-widget elementor-widget-heading\" data-id=\"62d343d\" data-element_type=\"widget\" data-e-type=\"widget\" data-settings=\"{&quot;_animation&quot;:&quot;none&quot;}\" data-widget_type=\"heading.default\">\n\t\t\t\t<div class=\"elementor-widget-container\">\n\t\t\t\t\t<p class=\"elementor-heading-title elementor-size-default\">Vivez<\/p>\t\t\t\t<\/div>\n\t\t\t\t<\/div>\n\t\t\t\t<div class=\"elementor-element elementor-element-8d3cabf elementor-widget elementor-widget-heading\" data-id=\"8d3cabf\" data-element_type=\"widget\" data-e-type=\"widget\" data-settings=\"{&quot;_animation&quot;:&quot;none&quot;}\" data-widget_type=\"heading.default\">\n\t\t\t\t<div class=\"elementor-widget-container\">\n\t\t\t\t\t<h2 class=\"elementor-heading-title elementor-size-default\">Les Concerts sur les pistes de Val Thorens<\/h2>\t\t\t\t<\/div>\n\t\t\t\t<\/div>\n\t\t\t\t<div class=\"elementor-element elementor-element-c0588ee elementor-widget elementor-widget-text-editor\" data-id=\"c0588ee\" data-element_type=\"widget\" data-e-type=\"widget\" data-settings=\"{&quot;_animation&quot;:&quot;none&quot;}\" data-widget_type=\"text-editor.default\">\n\t\t\t\t<div class=\"elementor-widget-container\">\n\t\t\t\t\t\t\t\t\t<p>Au printemps, rendez-vous au Bistro du Chalet de la Marine pour profiter de concerts dans un cadre magique ! Chaque apr\u00e8s-midi lorsque le soleil brille, le front neige se transforme en v\u00e9ritable sc\u00e8ne et accueille des concerts pour une ambiance unique en plein c\u0153ur des montagnes.<\/p><p>Installez-vous sur les chiliennes embl\u00e9matiques du Bistro et laissez-vous porter par la musique. Profitez-en pour grignoter un en-cas, siroter un verre ou une boisson chaude\u2026 C\u2019est LE lieu o\u00f9 se retrouver pour partager un moment sp\u00e9cial avec vos proches, apr\u00e8s avoir d\u00e9val\u00e9 les pistes de ski de Val Thorens.<\/p>\t\t\t\t\t\t\t\t<\/div>\n\t\t\t\t<\/div>\n\t\t\t\t\t<\/div>\n\t\t<\/div>\n\t\t\t\t\t<\/div>\n\t\t<\/section>\n\t\t\t\t<\/div>\n\t\t","protected":false},"excerpt":{"rendered":"<p>Le Bistro Val Thorens Faites une pause Au Bistro Self-Service de La Marine Convivialit\u00e9 et bonne humeur attendent les skieurs comme les pi\u00e9tons dans ce Bistro chaleureux au sommet des pistes. D\u00e9couvrez un self-service Bistro \u00ab\u00a0sur le pouce\u00a0\u00bb pour vous r\u00e9chauffer apr\u00e8s un moment sur les pistes. Au menu, des plats simples, rapides et copieux. [&hellip;]<\/p>\n","protected":false},"author":11,"featured_media":0,"parent":0,"menu_order":0,"comment_status":"closed","ping_status":"closed","template":"","meta":{"inline_featured_image":false,"footnotes":""},"class_list":["post-625","page","type-page","status-publish","hentry"],"_links":{"self":[{"href":"https:\/\/www.chaletmarine.com\/en\/wp-json\/wp\/v2\/pages\/625","targetHints":{"allow":["GET"]}}],"collection":[{"href":"https:\/\/www.chaletmarine.com\/en\/wp-json\/wp\/v2\/pages"}],"about":[{"href":"https:\/\/www.chaletmarine.com\/en\/wp-json\/wp\/v2\/types\/page"}],"author":[{"embeddable":true,"href":"https:\/\/www.chaletmarine.com\/en\/wp-json\/wp\/v2\/users\/11"}],"replies":[{"embeddable":true,"href":"https:\/\/www.chaletmarine.com\/en\/wp-json\/wp\/v2\/comments?post=625"}],"version-history":[{"count":88,"href":"https:\/\/www.chaletmarine.com\/en\/wp-json\/wp\/v2\/pages\/625\/revisions"}],"predecessor-version":[{"id":4040,"href":"https:\/\/www.chaletmarine.com\/en\/wp-json\/wp\/v2\/pages\/625\/revisions\/4040"}],"wp:attachment":[{"href":"https:\/\/www.chaletmarine.com\/en\/wp-json\/wp\/v2\/media?parent=625"}],"curies":[{"name":"wp","href":"https:\/\/api.w.org\/{rel}","templated":true}]}}